{"id":161,"date":"2024-09-06T17:32:16","date_gmt":"2024-09-06T15:32:16","guid":{"rendered":"https:\/\/cheunboyere.fr\/?page_id=161"},"modified":"2024-10-03T10:04:46","modified_gmt":"2024-10-03T08:04:46","slug":"a-propos","status":"publish","type":"page","link":"https:\/\/cheunboyere.fr\/index.php\/a-propos\/","title":{"rendered":"A propos"},"content":{"rendered":"\t\t<div data-elementor-type=\"wp-page\" data-elementor-id=\"161\" class=\"elementor elementor-161\">\n\t\t\t\t<div class=\"elementor-element elementor-element-1877d58 e-flex e-con-boxed e-con e-parent\" data-id=\"1877d58\" data-element_type=\"container\">\n\t\t\t\t\t<div class=\"e-con-inner\">\n\t\t\t\t<div class=\"elementor-element elementor-element-12ff1bb elementor-widget elementor-widget-heading\" data-id=\"12ff1bb\" data-element_type=\"widget\" data-widget_type=\"heading.default\">\n\t\t\t\t<div class=\"elementor-widget-container\">\n\t\t\t\t\t<h2 class=\"elementor-heading-title elementor-size-default\">A propos de moi<\/h2>\t\t\t\t<\/div>\n\t\t\t\t<\/div>\n\t\t\t\t\t<\/div>\n\t\t\t\t<\/div>\n\t\t<div class=\"elementor-element elementor-element-62b3d52 e-flex e-con-boxed e-con e-parent\" data-id=\"62b3d52\" data-element_type=\"container\" data-settings=\"{&quot;background_background&quot;:&quot;classic&quot;}\">\n\t\t\t\t\t<div class=\"e-con-inner\">\n\t\t\t\t<div class=\"elementor-element elementor-element-ba0a9d7 elementor-widget elementor-widget-text-editor\" data-id=\"ba0a9d7\" data-element_type=\"widget\" data-widget_type=\"text-editor.default\">\n\t\t\t\t<div class=\"elementor-widget-container\">\n\t\t\t\t\t\t\t\t\t<p>Apr\u00e8s une premi\u00e8re carri\u00e8re dans la cuisine, o\u00f9 j&rsquo;ai obtenu mon CAP en 2012, j&rsquo;ai choisi de me r\u00e9orienter vers un domaine qui me passionne depuis longtemps : l&rsquo;infographie et la mise en page. Actuellement en formation \u00e0 l&rsquo;\u00e9cole Art&amp;Communication de Rouen, je m&rsquo;appr\u00eate \u00e0 passer mon examen d&rsquo;infographiste metteur en page en D\u00e9cembre 2024.<\/p>\t\t\t\t\t\t\t\t<\/div>\n\t\t\t\t<\/div>\n\t\t<div class=\"elementor-element elementor-element-3ee8fce e-con-full e-flex e-con e-child\" data-id=\"3ee8fce\" data-element_type=\"container\" data-settings=\"{&quot;background_background&quot;:&quot;classic&quot;}\">\n\t\t<div class=\"elementor-element elementor-element-f7649dc e-con-full e-flex e-con e-child\" data-id=\"f7649dc\" data-element_type=\"container\" data-settings=\"{&quot;background_background&quot;:&quot;classic&quot;}\">\n\t\t\t\t<\/div>\n\t\t<div class=\"elementor-element elementor-element-b3f85ab e-con-full e-flex e-con e-child\" data-id=\"b3f85ab\" data-element_type=\"container\">\n\t\t\t\t<div class=\"elementor-element elementor-element-d6bfd0c elementor-widget elementor-widget-text-editor\" data-id=\"d6bfd0c\" data-element_type=\"widget\" data-widget_type=\"text-editor.default\">\n\t\t\t\t<div class=\"elementor-widget-container\">\n\t\t\t\t\t\t\t\t\t<p>Au cours de ma formation, j&rsquo;ai acquis une solide ma\u00eetrise de logiciels tels que Photoshop, Illustrator, InDesign et After Effects. J&rsquo;ai une pr\u00e9f\u00e9rence marqu\u00e9e pour After Effects et Illustrator, o\u00f9 je peux laisser libre cours \u00e0 ma cr\u00e9ativit\u00e9, particuli\u00e8rement dans des styles simples, \u00e9pur\u00e9s et futuristes.<\/p>\t\t\t\t\t\t\t\t<\/div>\n\t\t\t\t<\/div>\n\t\t\t\t<div class=\"elementor-element elementor-element-cc902c8 elementor-widget elementor-widget-text-editor\" data-id=\"cc902c8\" data-element_type=\"widget\" data-widget_type=\"text-editor.default\">\n\t\t\t\t<div class=\"elementor-widget-container\">\n\t\t\t\t\t\t\t\t\t<p>Malgr\u00e9 mon parcours encore r\u00e9cent dans le domaine, j&rsquo;ai d\u00e9j\u00e0 pu contribuer \u00e0 des projets significatifs. Lors de mon stage \u00e0 l&rsquo;agence de d\u00e9veloppement web Evvi, j&rsquo;ai jou\u00e9 un r\u00f4le cl\u00e9 dans un projet multisite pour les campus agricoles Naturapole. De plus, j&rsquo;ai r\u00e9alis\u00e9 une animation du syst\u00e8me solaire qui repr\u00e9sente bien mon int\u00e9r\u00eat pour le motion design et que j&rsquo;ai incluse dans mon <a href=\"https:\/\/cheunboyere.fr\/index.php\/mes-projets\/\">portfolio<\/a>.<\/p>\t\t\t\t\t\t\t\t<\/div>\n\t\t\t\t<\/div>\n\t\t\t\t<\/div>\n\t\t\t\t<\/div>\n\t\t\t\t<div class=\"elementor-element elementor-element-1242228 elementor-widget elementor-widget-text-editor\" data-id=\"1242228\" data-element_type=\"widget\" data-widget_type=\"text-editor.default\">\n\t\t\t\t<div class=\"elementor-widget-container\">\n\t\t\t\t\t\t\t\t\t<p>Mon objectif est de me sp\u00e9cialiser dans le motion design ou le design web, des domaines o\u00f9 je peux combiner mes comp\u00e9tences techniques et mon go\u00fbt pour l&rsquo;innovation visuelle. Je suis pr\u00eat \u00e0 relever de nouveaux d\u00e9fis et \u00e0 apporter ma vision cr\u00e9ative \u00e0 des projets stimulants.<\/p>\t\t\t\t\t\t\t\t<\/div>\n\t\t\t\t<\/div>\n\t\t\t\t<div class=\"elementor-element elementor-element-f31b253 elementor-align-center elementor-widget elementor-widget-button\" data-id=\"f31b253\" data-element_type=\"widget\" data-widget_type=\"button.default\">\n\t\t\t\t<div class=\"elementor-widget-container\">\n\t\t\t\t\t\t\t\t\t<div class=\"elementor-button-wrapper\">\n\t\t\t\t\t<a class=\"elementor-button elementor-button-link elementor-size-sm\" href=\"http:\/\/cheunboyere.fr\/wp-content\/uploads\/2024\/09\/CV-cheun-boyere.pdf\" target=\"_blank\">\n\t\t\t\t\t\t<span class=\"elementor-button-content-wrapper\">\n\t\t\t\t\t\t\t\t\t<span class=\"elementor-button-text\">t\u00e9l\u00e9charger mon CV<\/span>\n\t\t\t\t\t<\/span>\n\t\t\t\t\t<\/a>\n\t\t\t\t<\/div>\n\t\t\t\t\t\t\t\t<\/div>\n\t\t\t\t<\/div>\n\t\t\t\t\t<\/div>\n\t\t\t\t<\/div>\n\t\t\t\t<\/div>\n\t\t","protected":false},"excerpt":{"rendered":"<p>A propos de moi Apr\u00e8s une premi\u00e8re carri\u00e8re dans la cuisine, o\u00f9 j&rsquo;ai obtenu mon CAP en 2012, j&rsquo;ai choisi [&hellip;]<\/p>\n","protected":false},"author":1,"featured_media":0,"parent":0,"menu_order":0,"comment_status":"closed","ping_status":"closed","template":"","meta":{"inline_featured_image":false,"site-sidebar-layout":"no-sidebar","site-content-layout":"","ast-site-content-layout":"full-width-container","site-content-style":"default","site-sidebar-style":"default","ast-global-header-display":"","ast-banner-title-visibility":"","ast-main-header-display":"","ast-hfb-above-header-display":"","ast-hfb-below-header-display":"","ast-hfb-mobile-header-display":"","site-post-title":"disabled","ast-breadcrumbs-content":"","ast-featured-img":"disabled","footer-sml-layout":"","theme-transparent-header-meta":"","adv-header-id-meta":"","stick-header-meta":"","header-above-stick-meta":"","header-main-stick-meta":"","header-below-stick-meta":"","astra-migrate-meta-layouts":"default","ast-page-background-enabled":"default","ast-page-background-meta":{"desktop":{"background-color":"var(--ast-global-color-4)","background-image":"","background-repeat":"repeat","background-position":"center center","background-size":"auto","background-attachment":"scroll","background-type":"","background-media":"","overlay-type":"","overlay-color":"","overlay-opacity":"","overlay-gradient":""},"tablet":{"background-color":"","background-image":"","background-repeat":"repeat","background-position":"center center","background-size":"auto","background-attachment":"scroll","background-type":"","background-media":"","overlay-type":"","overlay-color":"","overlay-opacity":"","overlay-gradient":""},"mobile":{"background-color":"","background-image":"","background-repeat":"repeat","background-position":"center center","background-size":"auto","background-attachment":"scroll","background-type":"","background-media":"","overlay-type":"","overlay-color":"","overlay-opacity":"","overlay-gradient":""}},"ast-content-background-meta":{"desktop":{"background-color":"var(--ast-global-color-5)","background-image":"","background-repeat":"repeat","background-position":"center center","background-size":"auto","background-attachment":"scroll","background-type":"","background-media":"","overlay-type":"","overlay-color":"","overlay-opacity":"","overlay-gradient":""},"tablet":{"background-color":"var(--ast-global-color-5)","background-image":"","background-repeat":"repeat","background-position":"center center","background-size":"auto","background-attachment":"scroll","background-type":"","background-media":"","overlay-type":"","overlay-color":"","overlay-opacity":"","overlay-gradient":""},"mobile":{"background-color":"var(--ast-global-color-5)","background-image":"","background-repeat":"repeat","background-position":"center center","background-size":"auto","background-attachment":"scroll","background-type":"","background-media":"","overlay-type":"","overlay-color":"","overlay-opacity":"","overlay-gradient":""}},"footnotes":""},"class_list":["post-161","page","type-page","status-publish","hentry"],"yoast_head":"<!-- This site is optimized with the Yoast SEO plugin v26.5 - https:\/\/yoast.com\/wordpress\/plugins\/seo\/ -->\n<title>A propos | Cheun Boyere<\/title>\n<meta name=\"robots\" content=\"index, follow, max-snippet:-1, max-image-preview:large, max-video-preview:-1\" \/>\n<link rel=\"canonical\" href=\"https:\/\/cheunboyere.fr\/index.php\/a-propos\/\" \/>\n<meta property=\"og:locale\" content=\"fr_FR\" \/>\n<meta property=\"og:type\" content=\"article\" \/>\n<meta property=\"og:title\" content=\"A propos | Cheun Boyere\" \/>\n<meta property=\"og:description\" content=\"A propos de moi Apr\u00e8s une premi\u00e8re carri\u00e8re dans la cuisine, o\u00f9 j&rsquo;ai obtenu mon CAP en 2012, j&rsquo;ai choisi [&hellip;]\" \/>\n<meta property=\"og:url\" content=\"https:\/\/cheunboyere.fr\/index.php\/a-propos\/\" \/>\n<meta property=\"og:site_name\" content=\"Cheun Boyere\" \/>\n<meta property=\"article:modified_time\" content=\"2024-10-03T08:04:46+00:00\" \/>\n<meta name=\"twitter:card\" content=\"summary_large_image\" \/>\n<meta name=\"twitter:label1\" content=\"Dur\u00e9e de lecture estim\u00e9e\" \/>\n\t<meta name=\"twitter:data1\" content=\"2 minutes\" \/>\n<script type=\"application\/ld+json\" class=\"yoast-schema-graph\">{\"@context\":\"https:\/\/schema.org\",\"@graph\":[{\"@type\":\"WebPage\",\"@id\":\"https:\/\/cheunboyere.fr\/index.php\/a-propos\/\",\"url\":\"https:\/\/cheunboyere.fr\/index.php\/a-propos\/\",\"name\":\"A propos | Cheun Boyere\",\"isPartOf\":{\"@id\":\"https:\/\/cheunboyere.fr\/#website\"},\"datePublished\":\"2024-09-06T15:32:16+00:00\",\"dateModified\":\"2024-10-03T08:04:46+00:00\",\"breadcrumb\":{\"@id\":\"https:\/\/cheunboyere.fr\/index.php\/a-propos\/#breadcrumb\"},\"inLanguage\":\"fr-FR\",\"potentialAction\":[{\"@type\":\"ReadAction\",\"target\":[\"https:\/\/cheunboyere.fr\/index.php\/a-propos\/\"]}]},{\"@type\":\"BreadcrumbList\",\"@id\":\"https:\/\/cheunboyere.fr\/index.php\/a-propos\/#breadcrumb\",\"itemListElement\":[{\"@type\":\"ListItem\",\"position\":1,\"name\":\"Accueil\",\"item\":\"https:\/\/cheunboyere.fr\/\"},{\"@type\":\"ListItem\",\"position\":2,\"name\":\"A propos\"}]},{\"@type\":\"WebSite\",\"@id\":\"https:\/\/cheunboyere.fr\/#website\",\"url\":\"https:\/\/cheunboyere.fr\/\",\"name\":\"Cheun Boyere\",\"description\":\"Cr\u00e9ateur d\u2019identit\u00e9s visuelles\",\"publisher\":{\"@id\":\"https:\/\/cheunboyere.fr\/#organization\"},\"potentialAction\":[{\"@type\":\"SearchAction\",\"target\":{\"@type\":\"EntryPoint\",\"urlTemplate\":\"https:\/\/cheunboyere.fr\/?s={search_term_string}\"},\"query-input\":{\"@type\":\"PropertyValueSpecification\",\"valueRequired\":true,\"valueName\":\"search_term_string\"}}],\"inLanguage\":\"fr-FR\"},{\"@type\":\"Organization\",\"@id\":\"https:\/\/cheunboyere.fr\/#organization\",\"name\":\"Cheun Boyere\",\"url\":\"https:\/\/cheunboyere.fr\/\",\"logo\":{\"@type\":\"ImageObject\",\"inLanguage\":\"fr-FR\",\"@id\":\"https:\/\/cheunboyere.fr\/#\/schema\/logo\/image\/\",\"url\":\"http:\/\/cheunboyere.fr\/wp-content\/uploads\/2024\/09\/LOGOCB_Plan-de-travail-1-copie-2.svg\",\"contentUrl\":\"http:\/\/cheunboyere.fr\/wp-content\/uploads\/2024\/09\/LOGOCB_Plan-de-travail-1-copie-2.svg\",\"width\":382,\"height\":266,\"caption\":\"Cheun Boyere\"},\"image\":{\"@id\":\"https:\/\/cheunboyere.fr\/#\/schema\/logo\/image\/\"},\"sameAs\":[\"https:\/\/www.linkedin.com\/in\/cheun-boyere-a69536310\/\"]}]}<\/script>\n<!-- \/ Yoast SEO plugin. -->","yoast_head_json":{"title":"A propos | Cheun Boyere","robots":{"index":"index","follow":"follow","max-snippet":"max-snippet:-1","max-image-preview":"max-image-preview:large","max-video-preview":"max-video-preview:-1"},"canonical":"https:\/\/cheunboyere.fr\/index.php\/a-propos\/","og_locale":"fr_FR","og_type":"article","og_title":"A propos | Cheun Boyere","og_description":"A propos de moi Apr\u00e8s une premi\u00e8re carri\u00e8re dans la cuisine, o\u00f9 j&rsquo;ai obtenu mon CAP en 2012, j&rsquo;ai choisi [&hellip;]","og_url":"https:\/\/cheunboyere.fr\/index.php\/a-propos\/","og_site_name":"Cheun Boyere","article_modified_time":"2024-10-03T08:04:46+00:00","twitter_card":"summary_large_image","twitter_misc":{"Dur\u00e9e de lecture estim\u00e9e":"2 minutes"},"schema":{"@context":"https:\/\/schema.org","@graph":[{"@type":"WebPage","@id":"https:\/\/cheunboyere.fr\/index.php\/a-propos\/","url":"https:\/\/cheunboyere.fr\/index.php\/a-propos\/","name":"A propos | Cheun Boyere","isPartOf":{"@id":"https:\/\/cheunboyere.fr\/#website"},"datePublished":"2024-09-06T15:32:16+00:00","dateModified":"2024-10-03T08:04:46+00:00","breadcrumb":{"@id":"https:\/\/cheunboyere.fr\/index.php\/a-propos\/#breadcrumb"},"inLanguage":"fr-FR","potentialAction":[{"@type":"ReadAction","target":["https:\/\/cheunboyere.fr\/index.php\/a-propos\/"]}]},{"@type":"BreadcrumbList","@id":"https:\/\/cheunboyere.fr\/index.php\/a-propos\/#breadcrumb","itemListElement":[{"@type":"ListItem","position":1,"name":"Accueil","item":"https:\/\/cheunboyere.fr\/"},{"@type":"ListItem","position":2,"name":"A propos"}]},{"@type":"WebSite","@id":"https:\/\/cheunboyere.fr\/#website","url":"https:\/\/cheunboyere.fr\/","name":"Cheun Boyere","description":"Cr\u00e9ateur d\u2019identit\u00e9s visuelles","publisher":{"@id":"https:\/\/cheunboyere.fr\/#organization"},"potentialAction":[{"@type":"SearchAction","target":{"@type":"EntryPoint","urlTemplate":"https:\/\/cheunboyere.fr\/?s={search_term_string}"},"query-input":{"@type":"PropertyValueSpecification","valueRequired":true,"valueName":"search_term_string"}}],"inLanguage":"fr-FR"},{"@type":"Organization","@id":"https:\/\/cheunboyere.fr\/#organization","name":"Cheun Boyere","url":"https:\/\/cheunboyere.fr\/","logo":{"@type":"ImageObject","inLanguage":"fr-FR","@id":"https:\/\/cheunboyere.fr\/#\/schema\/logo\/image\/","url":"http:\/\/cheunboyere.fr\/wp-content\/uploads\/2024\/09\/LOGOCB_Plan-de-travail-1-copie-2.svg","contentUrl":"http:\/\/cheunboyere.fr\/wp-content\/uploads\/2024\/09\/LOGOCB_Plan-de-travail-1-copie-2.svg","width":382,"height":266,"caption":"Cheun Boyere"},"image":{"@id":"https:\/\/cheunboyere.fr\/#\/schema\/logo\/image\/"},"sameAs":["https:\/\/www.linkedin.com\/in\/cheun-boyere-a69536310\/"]}]}},"_links":{"self":[{"href":"https:\/\/cheunboyere.fr\/index.php\/wp-json\/wp\/v2\/pages\/161","targetHints":{"allow":["GET"]}}],"collection":[{"href":"https:\/\/cheunboyere.fr\/index.php\/wp-json\/wp\/v2\/pages"}],"about":[{"href":"https:\/\/cheunboyere.fr\/index.php\/wp-json\/wp\/v2\/types\/page"}],"author":[{"embeddable":true,"href":"https:\/\/cheunboyere.fr\/index.php\/wp-json\/wp\/v2\/users\/1"}],"replies":[{"embeddable":true,"href":"https:\/\/cheunboyere.fr\/index.php\/wp-json\/wp\/v2\/comments?post=161"}],"version-history":[{"count":82,"href":"https:\/\/cheunboyere.fr\/index.php\/wp-json\/wp\/v2\/pages\/161\/revisions"}],"predecessor-version":[{"id":1010,"href":"https:\/\/cheunboyere.fr\/index.php\/wp-json\/wp\/v2\/pages\/161\/revisions\/1010"}],"wp:attachment":[{"href":"https:\/\/cheunboyere.fr\/index.php\/wp-json\/wp\/v2\/media?parent=161"}],"curies":[{"name":"wp","href":"https:\/\/api.w.org\/{rel}","templated":true}]}}