{"id":8,"date":"2024-09-05T09:55:51","date_gmt":"2024-09-05T07:55:51","guid":{"rendered":"https:\/\/cheunboyere.fr\/?page_id=8"},"modified":"2025-07-14T12:11:39","modified_gmt":"2025-07-14T10:11:39","slug":"cheun-boyere","status":"publish","type":"page","link":"https:\/\/cheunboyere.fr\/","title":{"rendered":"Cheun Boyere"},"content":{"rendered":"\t\t<div data-elementor-type=\"wp-page\" data-elementor-id=\"8\" class=\"elementor elementor-8\">\n\t\t\t\t<div class=\"elementor-element elementor-element-f37c8c9 e-con-full elementor-hidden-mobile e-flex e-con e-parent\" data-id=\"f37c8c9\" data-element_type=\"container\" data-settings=\"{&quot;background_background&quot;:&quot;video&quot;,&quot;background_video_link&quot;:&quot;http:\\\/\\\/cheunboyere.fr\\\/wp-content\\\/uploads\\\/2024\\\/09\\\/alternatif_1.mp4&quot;,&quot;shape_divider_bottom&quot;:&quot;wave-brush&quot;}\">\n\t\t<div class=\"elementor-background-video-container elementor-hidden-mobile\" aria-hidden=\"true\">\n\t\t\t\t\t\t\t<video class=\"elementor-background-video-hosted\" autoplay muted playsinline loop><\/video>\n\t\t\t\t\t<\/div>\t\t<div class=\"elementor-shape elementor-shape-bottom\" aria-hidden=\"true\" data-negative=\"false\">\n\t\t\t<svg xmlns=\"http:\/\/www.w3.org\/2000\/svg\" viewBox=\"0 0 283.5 27.8\" preserveAspectRatio=\"none\">\n\t<path class=\"elementor-shape-fill\" d=\"M283.5,9.7c0,0-7.3,4.3-14,4.6c-6.8,0.3-12.6,0-20.9-1.5c-11.3-2-33.1-10.1-44.7-5.7\ts-12.1,4.6-18,7.4c-6.6,3.2-20,9.6-36.6,9.3C131.6,23.5,99.5,7.2,86.3,8c-1.4,0.1-6.6,0.8-10.5,2c-3.8,1.2-9.4,3.8-17,4.7\tc-3.2,0.4-8.3,1.1-14.2,0.9c-1.5-0.1-6.3-0.4-12-1.6c-5.7-1.2-11-3.1-15.8-3.7C6.5,9.2,0,10.8,0,10.8V0h283.5V9.7z M260.8,11.3\tc-0.7-1-2-0.4-4.3-0.4c-2.3,0-6.1-1.2-5.8-1.1c0.3,0.1,3.1,1.5,6,1.9C259.7,12.2,261.4,12.3,260.8,11.3z M242.4,8.6\tc0,0-2.4-0.2-5.6-0.9c-3.2-0.8-10.3-2.8-15.1-3.5c-8.2-1.1-15.8,0-15.1,0.1c0.8,0.1,9.6-0.6,17.6,1.1c3.3,0.7,9.3,2.2,12.4,2.7\tC239.9,8.7,242.4,8.6,242.4,8.6z M185.2,8.5c1.7-0.7-13.3,4.7-18.5,6.1c-2.1,0.6-6.2,1.6-10,2c-3.9,0.4-8.9,0.4-8.8,0.5\tc0,0.2,5.8,0.8,11.2,0c5.4-0.8,5.2-1.1,7.6-1.6C170.5,14.7,183.5,9.2,185.2,8.5z M199.1,6.9c0.2,0-0.8-0.4-4.8,1.1\tc-4,1.5-6.7,3.5-6.9,3.7c-0.2,0.1,3.5-1.8,6.6-3C197,7.5,199,6.9,199.1,6.9z M283,6c-0.1,0.1-1.9,1.1-4.8,2.5s-6.9,2.8-6.7,2.7\tc0.2,0,3.5-0.6,7.4-2.5C282.8,6.8,283.1,5.9,283,6z M31.3,11.6c0.1-0.2-1.9-0.2-4.5-1.2s-5.4-1.6-7.8-2C15,7.6,7.3,8.5,7.7,8.6\tC8,8.7,15.9,8.3,20.2,9.3c2.2,0.5,2.4,0.5,5.7,1.6S31.2,11.9,31.3,11.6z M73,9.2c0.4-0.1,3.5-1.6,8.4-2.6c4.9-1.1,8.9-0.5,8.9-0.8\tc0-0.3-1-0.9-6.2-0.3S72.6,9.3,73,9.2z M71.6,6.7C71.8,6.8,75,5.4,77.3,5c2.3-0.3,1.9-0.5,1.9-0.6c0-0.1-1.1-0.2-2.7,0.2\tC74.8,5.1,71.4,6.6,71.6,6.7z M93.6,4.4c0.1,0.2,3.5,0.8,5.6,1.8c2.1,1,1.8,0.6,1.9,0.5c0.1-0.1-0.8-0.8-2.4-1.3\tC97.1,4.8,93.5,4.2,93.6,4.4z M65.4,11.1c-0.1,0.3,0.3,0.5,1.9-0.2s2.6-1.3,2.2-1.2s-0.9,0.4-2.5,0.8C65.3,10.9,65.5,10.8,65.4,11.1\tz M34.5,12.4c-0.2,0,2.1,0.8,3.3,0.9c1.2,0.1,2,0.1,2-0.2c0-0.3-0.1-0.5-1.6-0.4C36.6,12.8,34.7,12.4,34.5,12.4z M152.2,21.1\tc-0.1,0.1-2.4-0.3-7.5-0.3c-5,0-13.6-2.4-17.2-3.5c-3.6-1.1,10,3.9,16.5,4.1C150.5,21.6,152.3,21,152.2,21.1z\"\/>\n\t<path class=\"elementor-shape-fill\" d=\"M269.6,18c-0.1-0.1-4.6,0.3-7.2,0c-7.3-0.7-17-3.2-16.6-2.9c0.4,0.3,13.7,3.1,17,3.3\tC267.7,18.8,269.7,18,269.6,18z\"\/>\n\t<path class=\"elementor-shape-fill\" d=\"M227.4,9.8c-0.2-0.1-4.5-1-9.5-1.2c-5-0.2-12.7,0.6-12.3,0.5c0.3-0.1,5.9-1.8,13.3-1.2\tS227.6,9.9,227.4,9.8z\"\/>\n\t<path class=\"elementor-shape-fill\" d=\"M204.5,13.4c-0.1-0.1,2-1,3.2-1.1c1.2-0.1,2,0,2,0.3c0,0.3-0.1,0.5-1.6,0.4\tC206.4,12.9,204.6,13.5,204.5,13.4z\"\/>\n\t<path class=\"elementor-shape-fill\" d=\"M201,10.6c0-0.1-4.4,1.2-6.3,2.2c-1.9,0.9-6.2,3.1-6.1,3.1c0.1,0.1,4.2-1.6,6.3-2.6\tS201,10.7,201,10.6z\"\/>\n\t<path class=\"elementor-shape-fill\" d=\"M154.5,26.7c-0.1-0.1-4.6,0.3-7.2,0c-7.3-0.7-17-3.2-16.6-2.9c0.4,0.3,13.7,3.1,17,3.3\tC152.6,27.5,154.6,26.8,154.5,26.7z\"\/>\n\t<path class=\"elementor-shape-fill\" d=\"M41.9,19.3c0,0,1.2-0.3,2.9-0.1c1.7,0.2,5.8,0.9,8.2,0.7c4.2-0.4,7.4-2.7,7-2.6\tc-0.4,0-4.3,2.2-8.6,1.9c-1.8-0.1-5.1-0.5-6.7-0.4S41.9,19.3,41.9,19.3z\"\/>\n\t<path class=\"elementor-shape-fill\" d=\"M75.5,12.6c0.2,0.1,2-0.8,4.3-1.1c2.3-0.2,2.1-0.3,2.1-0.5c0-0.1-1.8-0.4-3.4,0\tC76.9,11.5,75.3,12.5,75.5,12.6z\"\/>\n\t<path class=\"elementor-shape-fill\" d=\"M15.6,13.2c0-0.1,4.3,0,6.7,0.5c2.4,0.5,5,1.9,5,2c0,0.1-2.7-0.8-5.1-1.4\tC19.9,13.7,15.7,13.3,15.6,13.2z\"\/>\n<\/svg>\t\t<\/div>\n\t\t<div class=\"elementor-element elementor-element-7f7670b e-con-full e-flex e-con e-child\" data-id=\"7f7670b\" data-element_type=\"container\">\n\t\t<div class=\"elementor-element elementor-element-4e8c521 e-con-full e-flex e-con e-child\" data-id=\"4e8c521\" data-element_type=\"container\">\n\t\t\t\t<\/div>\n\t\t<div class=\"elementor-element elementor-element-439f553 e-con-full e-flex e-con e-child\" data-id=\"439f553\" data-element_type=\"container\" data-settings=\"{&quot;background_background&quot;:&quot;classic&quot;}\">\n\t\t\t\t<div class=\"elementor-element elementor-element-afd6296 elementor-widget__width-initial elementor-widget elementor-widget-text-editor\" data-id=\"afd6296\" data-element_type=\"widget\" data-widget_type=\"text-editor.default\">\n\t\t\t\t<div class=\"elementor-widget-container\">\n\t\t\t\t\t\t\t\t\t<p>Cr\u00e9ateur d\u2019identit\u00e9s visuelles et d\u2019animations dynamiques, je concr\u00e9tise vos id\u00e9es avec un design \u00e9pur\u00e9 et moderne.<\/p>\t\t\t\t\t\t\t\t<\/div>\n\t\t\t\t<\/div>\n\t\t\t\t<\/div>\n\t\t<div class=\"elementor-element elementor-element-5a792d7 e-con-full e-flex e-con e-child\" data-id=\"5a792d7\" data-element_type=\"container\">\n\t\t\t\t<\/div>\n\t\t\t\t<\/div>\n\t\t\t\t<\/div>\n\t\t<div class=\"elementor-element elementor-element-7d13346 elementor-hidden-desktop elementor-hidden-tablet e-flex e-con-boxed e-con e-parent\" data-id=\"7d13346\" data-element_type=\"container\">\n\t\t\t\t\t<div class=\"e-con-inner\">\n\t\t<div class=\"elementor-element elementor-element-1369475 e-con-full e-flex e-con e-child\" data-id=\"1369475\" data-element_type=\"container\" data-settings=\"{&quot;background_background&quot;:&quot;classic&quot;}\">\n\t\t\t\t<div class=\"elementor-element elementor-element-3f0df9d elementor-widget__width-initial elementor-widget elementor-widget-text-editor\" data-id=\"3f0df9d\" data-element_type=\"widget\" data-widget_type=\"text-editor.default\">\n\t\t\t\t<div class=\"elementor-widget-container\">\n\t\t\t\t\t\t\t\t\t<p>Cr\u00e9ateur d&rsquo;identit\u00e9s visuelles et d&rsquo;animations dynamiques, je donne vie \u00e0 vos id\u00e9es avec un design \u00e9pur\u00e9 et futuriste.<\/p>\t\t\t\t\t\t\t\t<\/div>\n\t\t\t\t<\/div>\n\t\t\t\t<\/div>\n\t\t\t\t\t<\/div>\n\t\t\t\t<\/div>\n\t\t<div class=\"elementor-element elementor-element-65a481f elementor-hidden-desktop elementor-hidden-tablet e-con-full e-flex e-con e-parent\" data-id=\"65a481f\" data-element_type=\"container\" data-settings=\"{&quot;background_background&quot;:&quot;video&quot;,&quot;background_video_link&quot;:&quot;http:\\\/\\\/cheunboyere.fr\\\/wp-content\\\/uploads\\\/2024\\\/09\\\/alternatif_1.mp4&quot;,&quot;background_play_on_mobile&quot;:&quot;yes&quot;}\">\n\t\t<div class=\"elementor-background-video-container\" aria-hidden=\"true\">\n\t\t\t\t\t\t\t<video class=\"elementor-background-video-hosted\" autoplay muted playsinline loop><\/video>\n\t\t\t\t\t<\/div>\t\t<\/div>\n\t\t<div class=\"elementor-element elementor-element-b38ec7d e-con-full e-flex e-con e-parent\" data-id=\"b38ec7d\" data-element_type=\"container\" data-settings=\"{&quot;background_background&quot;:&quot;classic&quot;}\">\n\t\t<div class=\"elementor-element elementor-element-22f7198 e-flex e-con-boxed e-con e-child\" data-id=\"22f7198\" data-element_type=\"container\">\n\t\t\t\t\t<div class=\"e-con-inner\">\n\t\t\t\t<div class=\"elementor-element elementor-element-e3dc76c elementor-align-center elementor-widget elementor-widget-button\" data-id=\"e3dc76c\" data-element_type=\"widget\" data-widget_type=\"button.default\">\n\t\t\t\t<div class=\"elementor-widget-container\">\n\t\t\t\t\t\t\t\t\t<div class=\"elementor-button-wrapper\">\n\t\t\t\t\t<a class=\"elementor-button elementor-button-link elementor-size-sm\" href=\"https:\/\/cheunboyere.fr\/index.php\/mes-projets\/\">\n\t\t\t\t\t\t<span class=\"elementor-button-content-wrapper\">\n\t\t\t\t\t\t\t\t\t<span class=\"elementor-button-text\">D\u00e9couvrir mes projets<\/span>\n\t\t\t\t\t<\/span>\n\t\t\t\t\t<\/a>\n\t\t\t\t<\/div>\n\t\t\t\t\t\t\t\t<\/div>\n\t\t\t\t<\/div>\n\t\t\t\t<div class=\"elementor-element elementor-element-76f0cbc elementor-widget__width-initial elementor-widget elementor-widget-text-editor\" data-id=\"76f0cbc\" data-element_type=\"widget\" data-widget_type=\"text-editor.default\">\n\t\t\t\t<div class=\"elementor-widget-container\">\n\t\t\t\t\t\t\t\t\t<ul><li><p><strong>Infographie et mise en page<\/strong> : Cr\u00e9ation d\u2019identit\u00e9s visuelles sur mesure.<\/p><\/li><li><strong>Motion design<\/strong> : Animation d&rsquo;\u00e9l\u00e9ments graphiques pour donner vie \u00e0 vos projets.<\/li><li><strong>Web design<\/strong> : Conception de sites web \u00e9pur\u00e9s et intuitifs.<\/li><\/ul>\t\t\t\t\t\t\t\t<\/div>\n\t\t\t\t<\/div>\n\t\t\t\t\t<\/div>\n\t\t\t\t<\/div>\n\t\t<div class=\"elementor-element elementor-element-e3c0ca4 e-flex e-con-boxed e-con e-child\" data-id=\"e3c0ca4\" data-element_type=\"container\">\n\t\t\t\t\t<div class=\"e-con-inner\">\n\t\t<div class=\"elementor-element elementor-element-47a3949 e-con-full e-flex e-con e-child\" data-id=\"47a3949\" data-element_type=\"container\">\n\t\t<a class=\"elementor-element elementor-element-aa40501 e-con-full e-flex e-con e-child\" data-id=\"aa40501\" data-element_type=\"container\" data-settings=\"{&quot;background_background&quot;:&quot;classic&quot;}\" href=\"https:\/\/cheunboyere.fr\/index.php\/mes-projets\/#placetobe\">\n\t\t\t\t<\/a>\n\t\t\t\t<div class=\"elementor-element elementor-element-7782c8d elementor-align-center elementor-widget elementor-widget-button\" data-id=\"7782c8d\" data-element_type=\"widget\" data-widget_type=\"button.default\">\n\t\t\t\t<div class=\"elementor-widget-container\">\n\t\t\t\t\t\t\t\t\t<div class=\"elementor-button-wrapper\">\n\t\t\t\t\t<a class=\"elementor-button elementor-button-link elementor-size-sm\" href=\"https:\/\/cheunboyere.fr\/index.php\/mes-projets\/#placetobe\">\n\t\t\t\t\t\t<span class=\"elementor-button-content-wrapper\">\n\t\t\t\t\t\t\t\t\t<span class=\"elementor-button-text\">PlaceToBe<\/span>\n\t\t\t\t\t<\/span>\n\t\t\t\t\t<\/a>\n\t\t\t\t<\/div>\n\t\t\t\t\t\t\t\t<\/div>\n\t\t\t\t<\/div>\n\t\t\t\t<\/div>\n\t\t<div class=\"elementor-element elementor-element-ae30c2d e-con-full e-flex e-con e-child\" data-id=\"ae30c2d\" data-element_type=\"container\">\n\t\t<a class=\"elementor-element elementor-element-ca1641a e-con-full e-flex e-con e-child\" data-id=\"ca1641a\" data-element_type=\"container\" data-settings=\"{&quot;background_background&quot;:&quot;classic&quot;}\" href=\"https:\/\/cheunboyere.fr\/index.php\/mes-projets\/#body\">\n\t\t\t\t<\/a>\n\t\t\t\t<div class=\"elementor-element elementor-element-59814a7 elementor-align-center elementor-widget elementor-widget-button\" data-id=\"59814a7\" data-element_type=\"widget\" data-widget_type=\"button.default\">\n\t\t\t\t<div class=\"elementor-widget-container\">\n\t\t\t\t\t\t\t\t\t<div class=\"elementor-button-wrapper\">\n\t\t\t\t\t<a class=\"elementor-button elementor-button-link elementor-size-sm\" href=\"https:\/\/cheunboyere.fr\/index.php\/mes-projets\/#body\">\n\t\t\t\t\t\t<span class=\"elementor-button-content-wrapper\">\n\t\t\t\t\t\t\t\t\t<span class=\"elementor-button-text\">BodyMoving<\/span>\n\t\t\t\t\t<\/span>\n\t\t\t\t\t<\/a>\n\t\t\t\t<\/div>\n\t\t\t\t\t\t\t\t<\/div>\n\t\t\t\t<\/div>\n\t\t\t\t<\/div>\n\t\t<div class=\"elementor-element elementor-element-5c346e5 e-con-full e-flex e-con e-child\" data-id=\"5c346e5\" data-element_type=\"container\" data-settings=\"{&quot;background_background&quot;:&quot;classic&quot;}\">\n\t\t<a class=\"elementor-element elementor-element-d3e72d4 e-con-full e-flex e-con e-child\" data-id=\"d3e72d4\" data-element_type=\"container\" data-settings=\"{&quot;background_background&quot;:&quot;classic&quot;}\" href=\"https:\/\/cheunboyere.fr\/index.php\/mes-projets\/#bowl\">\n\t\t\t\t<\/a>\n\t\t\t\t<div class=\"elementor-element elementor-element-f0ed36f elementor-align-center elementor-widget elementor-widget-button\" data-id=\"f0ed36f\" data-element_type=\"widget\" data-widget_type=\"button.default\">\n\t\t\t\t<div class=\"elementor-widget-container\">\n\t\t\t\t\t\t\t\t\t<div class=\"elementor-button-wrapper\">\n\t\t\t\t\t<a class=\"elementor-button elementor-button-link elementor-size-sm\" href=\"https:\/\/cheunboyere.fr\/index.php\/mes-projets\/#bowl\">\n\t\t\t\t\t\t<span class=\"elementor-button-content-wrapper\">\n\t\t\t\t\t\t\t\t\t<span class=\"elementor-button-text\">Bowl Rouen Classic<\/span>\n\t\t\t\t\t<\/span>\n\t\t\t\t\t<\/a>\n\t\t\t\t<\/div>\n\t\t\t\t\t\t\t\t<\/div>\n\t\t\t\t<\/div>\n\t\t\t\t<\/div>\n\t\t<div class=\"elementor-element elementor-element-1d60bb2 e-con-full e-flex e-con e-child\" data-id=\"1d60bb2\" data-element_type=\"container\">\n\t\t<a class=\"elementor-element elementor-element-ee8ec91 e-con-full e-flex e-con e-child\" data-id=\"ee8ec91\" data-element_type=\"container\" data-settings=\"{&quot;background_background&quot;:&quot;classic&quot;}\" href=\"https:\/\/cheunboyere.fr\/index.php\/mes-projets\/#naus\">\n\t\t\t\t<\/a>\n\t\t\t\t<div class=\"elementor-element elementor-element-0d09a7f elementor-align-center elementor-widget elementor-widget-button\" data-id=\"0d09a7f\" data-element_type=\"widget\" data-widget_type=\"button.default\">\n\t\t\t\t<div class=\"elementor-widget-container\">\n\t\t\t\t\t\t\t\t\t<div class=\"elementor-button-wrapper\">\n\t\t\t\t\t<a class=\"elementor-button elementor-button-link elementor-size-sm\" href=\"https:\/\/cheunboyere.fr\/index.php\/mes-projets\/#naus\">\n\t\t\t\t\t\t<span class=\"elementor-button-content-wrapper\">\n\t\t\t\t\t\t\t\t\t<span class=\"elementor-button-text\">Nausicaa<\/span>\n\t\t\t\t\t<\/span>\n\t\t\t\t\t<\/a>\n\t\t\t\t<\/div>\n\t\t\t\t\t\t\t\t<\/div>\n\t\t\t\t<\/div>\n\t\t\t\t<\/div>\n\t\t<div class=\"elementor-element elementor-element-ca59711 e-con-full e-flex e-con e-child\" data-id=\"ca59711\" data-element_type=\"container\">\n\t\t<a class=\"elementor-element elementor-element-6b4bfbd e-con-full e-flex e-con e-child\" data-id=\"6b4bfbd\" data-element_type=\"container\" data-settings=\"{&quot;background_background&quot;:&quot;classic&quot;}\" href=\"https:\/\/cheunboyere.fr\/index.php\/mes-projets\/#mila\">\n\t\t\t\t<\/a>\n\t\t\t\t<div class=\"elementor-element elementor-element-058b0d4 elementor-align-center elementor-widget elementor-widget-button\" data-id=\"058b0d4\" data-element_type=\"widget\" data-widget_type=\"button.default\">\n\t\t\t\t<div class=\"elementor-widget-container\">\n\t\t\t\t\t\t\t\t\t<div class=\"elementor-button-wrapper\">\n\t\t\t\t\t<a class=\"elementor-button elementor-button-link elementor-size-sm\" href=\"https:\/\/cheunboyere.fr\/index.php\/mes-projets\/#mila\">\n\t\t\t\t\t\t<span class=\"elementor-button-content-wrapper\">\n\t\t\t\t\t\t\t\t\t<span class=\"elementor-button-text\">Mila<\/span>\n\t\t\t\t\t<\/span>\n\t\t\t\t\t<\/a>\n\t\t\t\t<\/div>\n\t\t\t\t\t\t\t\t<\/div>\n\t\t\t\t<\/div>\n\t\t\t\t<\/div>\n\t\t\t\t\t<\/div>\n\t\t\t\t<\/div>\n\t\t\t\t<\/div>\n\t\t\t\t<\/div>\n\t\t","protected":false},"excerpt":{"rendered":"<p>Cr\u00e9ateur d\u2019identit\u00e9s visuelles et d\u2019animations dynamiques, je concr\u00e9tise vos id\u00e9es avec un design \u00e9pur\u00e9 et moderne. Cr\u00e9ateur d&rsquo;identit\u00e9s visuelles et [&hellip;]<\/p>\n","protected":false},"author":1,"featured_media":0,"parent":0,"menu_order":0,"comment_status":"closed","ping_status":"closed","template":"","meta":{"inline_featured_image":false,"site-sidebar-layout":"no-sidebar","site-content-layout":"","ast-site-content-layout":"full-width-container","site-content-style":"default","site-sidebar-style":"default","ast-global-header-display":"","ast-banner-title-visibility":"","ast-main-header-display":"","ast-hfb-above-header-display":"","ast-hfb-below-header-display":"","ast-hfb-mobile-header-display":"","site-post-title":"disabled","ast-breadcrumbs-content":"","ast-featured-img":"disabled","footer-sml-layout":"","theme-transparent-header-meta":"","adv-header-id-meta":"","stick-header-meta":"","header-above-stick-meta":"","header-main-stick-meta":"","header-below-stick-meta":"","astra-migrate-meta-layouts":"default","ast-page-background-enabled":"default","ast-page-background-meta":{"desktop":{"background-color":"var(--ast-global-color-4)","background-image":"","background-repeat":"repeat","background-position":"center center","background-size":"auto","background-attachment":"scroll","background-type":"","background-media":"","overlay-type":"","overlay-color":"","overlay-opacity":"","overlay-gradient":""},"tablet":{"background-color":"","background-image":"","background-repeat":"repeat","background-position":"center center","background-size":"auto","background-attachment":"scroll","background-type":"","background-media":"","overlay-type":"","overlay-color":"","overlay-opacity":"","overlay-gradient":""},"mobile":{"background-color":"","background-image":"","background-repeat":"repeat","background-position":"center center","background-size":"auto","background-attachment":"scroll","background-type":"","background-media":"","overlay-type":"","overlay-color":"","overlay-opacity":"","overlay-gradient":""}},"ast-content-background-meta":{"desktop":{"background-color":"var(--ast-global-color-5)","background-image":"","background-repeat":"repeat","background-position":"center center","background-size":"auto","background-attachment":"scroll","background-type":"","background-media":"","overlay-type":"","overlay-color":"","overlay-opacity":"","overlay-gradient":""},"tablet":{"background-color":"var(--ast-global-color-5)","background-image":"","background-repeat":"repeat","background-position":"center center","background-size":"auto","background-attachment":"scroll","background-type":"","background-media":"","overlay-type":"","overlay-color":"","overlay-opacity":"","overlay-gradient":""},"mobile":{"background-color":"var(--ast-global-color-5)","background-image":"","background-repeat":"repeat","background-position":"center center","background-size":"auto","background-attachment":"scroll","background-type":"","background-media":"","overlay-type":"","overlay-color":"","overlay-opacity":"","overlay-gradient":""}},"footnotes":""},"class_list":["post-8","page","type-page","status-publish","hentry"],"yoast_head":"<!-- This site is optimized with the Yoast SEO plugin v26.5 - https:\/\/yoast.com\/wordpress\/plugins\/seo\/ -->\n<title>Cheun Boyere | Infographiste<\/title>\n<meta name=\"description\" content=\"Cheun Boyere, Infographiste metteur en page passionn\u00e9, r\u00e9cemment dipl\u00f4m\u00e9 de l\u2019\u00e9cole Art&amp;Communication de Rouen.\" \/>\n<meta name=\"robots\" content=\"index, follow, max-snippet:-1, max-image-preview:large, max-video-preview:-1\" \/>\n<link rel=\"canonical\" href=\"https:\/\/cheunboyere.fr\/\" \/>\n<meta property=\"og:locale\" content=\"fr_FR\" \/>\n<meta property=\"og:type\" content=\"article\" \/>\n<meta property=\"og:title\" content=\"Cheun Boyere | Infographiste\" \/>\n<meta property=\"og:description\" content=\"Cheun Boyere, Infographiste metteur en page passionn\u00e9, r\u00e9cemment dipl\u00f4m\u00e9 de l\u2019\u00e9cole Art&amp;Communication de Rouen.\" \/>\n<meta property=\"og:url\" content=\"https:\/\/cheunboyere.fr\/\" \/>\n<meta property=\"og:site_name\" content=\"Cheun Boyere\" \/>\n<meta property=\"article:modified_time\" content=\"2025-07-14T10:11:39+00:00\" \/>\n<meta name=\"twitter:card\" content=\"summary_large_image\" \/>\n<meta name=\"twitter:label1\" content=\"Dur\u00e9e de lecture estim\u00e9e\" \/>\n\t<meta name=\"twitter:data1\" content=\"1 minute\" \/>\n<script type=\"application\/ld+json\" class=\"yoast-schema-graph\">{\"@context\":\"https:\/\/schema.org\",\"@graph\":[{\"@type\":\"WebPage\",\"@id\":\"https:\/\/cheunboyere.fr\/\",\"url\":\"https:\/\/cheunboyere.fr\/\",\"name\":\"Cheun Boyere | Infographiste\",\"isPartOf\":{\"@id\":\"https:\/\/cheunboyere.fr\/#website\"},\"datePublished\":\"2024-09-05T07:55:51+00:00\",\"dateModified\":\"2025-07-14T10:11:39+00:00\",\"description\":\"Cheun Boyere, Infographiste metteur en page passionn\u00e9, r\u00e9cemment dipl\u00f4m\u00e9 de l\u2019\u00e9cole Art&Communication de Rouen.\",\"breadcrumb\":{\"@id\":\"https:\/\/cheunboyere.fr\/#breadcrumb\"},\"inLanguage\":\"fr-FR\",\"potentialAction\":[{\"@type\":\"ReadAction\",\"target\":[\"https:\/\/cheunboyere.fr\/\"]}]},{\"@type\":\"BreadcrumbList\",\"@id\":\"https:\/\/cheunboyere.fr\/#breadcrumb\",\"itemListElement\":[{\"@type\":\"ListItem\",\"position\":1,\"name\":\"Accueil\",\"item\":\"https:\/\/cheunboyere.fr\/\"},{\"@type\":\"ListItem\",\"position\":2,\"name\":\"Cheun Boyere\"}]},{\"@type\":\"WebSite\",\"@id\":\"https:\/\/cheunboyere.fr\/#website\",\"url\":\"https:\/\/cheunboyere.fr\/\",\"name\":\"Cheun Boyere\",\"description\":\"Cr\u00e9ateur d\u2019identit\u00e9s visuelles\",\"publisher\":{\"@id\":\"https:\/\/cheunboyere.fr\/#organization\"},\"potentialAction\":[{\"@type\":\"SearchAction\",\"target\":{\"@type\":\"EntryPoint\",\"urlTemplate\":\"https:\/\/cheunboyere.fr\/?s={search_term_string}\"},\"query-input\":{\"@type\":\"PropertyValueSpecification\",\"valueRequired\":true,\"valueName\":\"search_term_string\"}}],\"inLanguage\":\"fr-FR\"},{\"@type\":\"Organization\",\"@id\":\"https:\/\/cheunboyere.fr\/#organization\",\"name\":\"Cheun Boyere\",\"url\":\"https:\/\/cheunboyere.fr\/\",\"logo\":{\"@type\":\"ImageObject\",\"inLanguage\":\"fr-FR\",\"@id\":\"https:\/\/cheunboyere.fr\/#\/schema\/logo\/image\/\",\"url\":\"http:\/\/cheunboyere.fr\/wp-content\/uploads\/2024\/09\/LOGOCB_Plan-de-travail-1-copie-2.svg\",\"contentUrl\":\"http:\/\/cheunboyere.fr\/wp-content\/uploads\/2024\/09\/LOGOCB_Plan-de-travail-1-copie-2.svg\",\"width\":382,\"height\":266,\"caption\":\"Cheun Boyere\"},\"image\":{\"@id\":\"https:\/\/cheunboyere.fr\/#\/schema\/logo\/image\/\"},\"sameAs\":[\"https:\/\/www.linkedin.com\/in\/cheun-boyere-a69536310\/\"]}]}<\/script>\n<!-- \/ Yoast SEO plugin. -->","yoast_head_json":{"title":"Cheun Boyere | Infographiste","description":"Cheun Boyere, Infographiste metteur en page passionn\u00e9, r\u00e9cemment dipl\u00f4m\u00e9 de l\u2019\u00e9cole Art&Communication de Rouen.","robots":{"index":"index","follow":"follow","max-snippet":"max-snippet:-1","max-image-preview":"max-image-preview:large","max-video-preview":"max-video-preview:-1"},"canonical":"https:\/\/cheunboyere.fr\/","og_locale":"fr_FR","og_type":"article","og_title":"Cheun Boyere | Infographiste","og_description":"Cheun Boyere, Infographiste metteur en page passionn\u00e9, r\u00e9cemment dipl\u00f4m\u00e9 de l\u2019\u00e9cole Art&Communication de Rouen.","og_url":"https:\/\/cheunboyere.fr\/","og_site_name":"Cheun Boyere","article_modified_time":"2025-07-14T10:11:39+00:00","twitter_card":"summary_large_image","twitter_misc":{"Dur\u00e9e de lecture estim\u00e9e":"1 minute"},"schema":{"@context":"https:\/\/schema.org","@graph":[{"@type":"WebPage","@id":"https:\/\/cheunboyere.fr\/","url":"https:\/\/cheunboyere.fr\/","name":"Cheun Boyere | Infographiste","isPartOf":{"@id":"https:\/\/cheunboyere.fr\/#website"},"datePublished":"2024-09-05T07:55:51+00:00","dateModified":"2025-07-14T10:11:39+00:00","description":"Cheun Boyere, Infographiste metteur en page passionn\u00e9, r\u00e9cemment dipl\u00f4m\u00e9 de l\u2019\u00e9cole Art&Communication de Rouen.","breadcrumb":{"@id":"https:\/\/cheunboyere.fr\/#breadcrumb"},"inLanguage":"fr-FR","potentialAction":[{"@type":"ReadAction","target":["https:\/\/cheunboyere.fr\/"]}]},{"@type":"BreadcrumbList","@id":"https:\/\/cheunboyere.fr\/#breadcrumb","itemListElement":[{"@type":"ListItem","position":1,"name":"Accueil","item":"https:\/\/cheunboyere.fr\/"},{"@type":"ListItem","position":2,"name":"Cheun Boyere"}]},{"@type":"WebSite","@id":"https:\/\/cheunboyere.fr\/#website","url":"https:\/\/cheunboyere.fr\/","name":"Cheun Boyere","description":"Cr\u00e9ateur d\u2019identit\u00e9s visuelles","publisher":{"@id":"https:\/\/cheunboyere.fr\/#organization"},"potentialAction":[{"@type":"SearchAction","target":{"@type":"EntryPoint","urlTemplate":"https:\/\/cheunboyere.fr\/?s={search_term_string}"},"query-input":{"@type":"PropertyValueSpecification","valueRequired":true,"valueName":"search_term_string"}}],"inLanguage":"fr-FR"},{"@type":"Organization","@id":"https:\/\/cheunboyere.fr\/#organization","name":"Cheun Boyere","url":"https:\/\/cheunboyere.fr\/","logo":{"@type":"ImageObject","inLanguage":"fr-FR","@id":"https:\/\/cheunboyere.fr\/#\/schema\/logo\/image\/","url":"http:\/\/cheunboyere.fr\/wp-content\/uploads\/2024\/09\/LOGOCB_Plan-de-travail-1-copie-2.svg","contentUrl":"http:\/\/cheunboyere.fr\/wp-content\/uploads\/2024\/09\/LOGOCB_Plan-de-travail-1-copie-2.svg","width":382,"height":266,"caption":"Cheun Boyere"},"image":{"@id":"https:\/\/cheunboyere.fr\/#\/schema\/logo\/image\/"},"sameAs":["https:\/\/www.linkedin.com\/in\/cheun-boyere-a69536310\/"]}]}},"_links":{"self":[{"href":"https:\/\/cheunboyere.fr\/index.php\/wp-json\/wp\/v2\/pages\/8","targetHints":{"allow":["GET"]}}],"collection":[{"href":"https:\/\/cheunboyere.fr\/index.php\/wp-json\/wp\/v2\/pages"}],"about":[{"href":"https:\/\/cheunboyere.fr\/index.php\/wp-json\/wp\/v2\/types\/page"}],"author":[{"embeddable":true,"href":"https:\/\/cheunboyere.fr\/index.php\/wp-json\/wp\/v2\/users\/1"}],"replies":[{"embeddable":true,"href":"https:\/\/cheunboyere.fr\/index.php\/wp-json\/wp\/v2\/comments?post=8"}],"version-history":[{"count":217,"href":"https:\/\/cheunboyere.fr\/index.php\/wp-json\/wp\/v2\/pages\/8\/revisions"}],"predecessor-version":[{"id":1017,"href":"https:\/\/cheunboyere.fr\/index.php\/wp-json\/wp\/v2\/pages\/8\/revisions\/1017"}],"wp:attachment":[{"href":"https:\/\/cheunboyere.fr\/index.php\/wp-json\/wp\/v2\/media?parent=8"}],"curies":[{"name":"wp","href":"https:\/\/api.w.org\/{rel}","templated":true}]}}